{"id":453,"date":"2024-08-22T21:22:39","date_gmt":"2024-08-23T01:22:39","guid":{"rendered":"https:\/\/www.contadores8varegion.cl\/?page_id=453"},"modified":"2025-10-16T21:08:30","modified_gmt":"2025-10-17T01:08:30","slug":"directorio","status":"publish","type":"page","link":"https:\/\/www.contadores8varegion.cl\/index.php\/directorio\/","title":{"rendered":"Directorio"},"content":{"rendered":"\n<div class=\"wp-block-media-text is-stacked-on-mobile\"><figure class=\"wp-block-media-text__media\"><img loading=\"lazy\" decoding=\"async\" width=\"502\" height=\"547\" src=\"https:\/\/www.contadores8varegion.cl\/wp-content\/uploads\/2025\/10\/directorio-2025_2028.jpg\" alt=\"\" class=\"wp-image-1067 size-full\" srcset=\"https:\/\/www.contadores8varegion.cl\/wp-content\/uploads\/2025\/10\/directorio-2025_2028.jpg 502w, https:\/\/www.contadores8varegion.cl\/wp-content\/uploads\/2025\/10\/directorio-2025_2028-275x300.jpg 275w\" sizes=\"auto, (max-width: 502px) 100vw, 502px\" \/><\/figure><div class=\"wp-block-media-text__content\">\n<p><strong>Presidenta<\/strong>: Herta Ceferina Calbullanca Nahuelqueo <\/p>\n\n\n\n<p><strong>Vicepresidente<\/strong>: Juan Carlos Pereira Canales<\/p>\n\n\n\n<p><strong>Secretario<\/strong>: Renzo Salvatore Mart\u00ednez Friz<\/p>\n\n\n\n<p><strong>Tesorera<\/strong>: N\u00e9lida Stella Alarc\u00f3n Carrera<\/p>\n\n\n\n<p><strong>Directora<\/strong>: Sandra Eufemia Ortiz Velozo<\/p>\n\n\n\n<p><strong>Consejero Nacional y Vicepresidente de Desarrollo Profesional del Comit\u00e9 Ejecutivo<\/strong>: Cristi\u00e1n Eduardo Maldonado Olivares<\/p>\n<\/div><\/div>\n\n\n\n<p>Directorio Per\u00edodo 2025 -2028<\/p>\n","protected":false},"excerpt":{"rendered":"<p>Presidenta: Herta Ceferina Calbullanca Nahuelqueo Vicepresidente: Juan Carlos Pereira Canales Secretario: Renzo Salvatore Mart\u00ednez Friz Tesorera: N\u00e9lida Stella Alarc\u00f3n Carrera Directora: Sandra Eufemia Ortiz Velozo Consejero Nacional y Vicepresidente de Desarrollo Profesional del Comit\u00e9 Ejecutivo: Cristi\u00e1n Eduardo Maldonado Olivares Directorio Per\u00edodo 2025 -2028<\/p>\n","protected":false},"author":1,"featured_media":0,"parent":0,"menu_order":0,"comment_status":"closed","ping_status":"closed","template":"","meta":{"footnotes":""},"class_list":["post-453","page","type-page","status-publish","hentry"],"blocksy_meta":[],"_links":{"self":[{"href":"https:\/\/www.contadores8varegion.cl\/index.php\/wp-json\/wp\/v2\/pages\/453","targetHints":{"allow":["GET"]}}],"collection":[{"href":"https:\/\/www.contadores8varegion.cl\/index.php\/wp-json\/wp\/v2\/pages"}],"about":[{"href":"https:\/\/www.contadores8varegion.cl\/index.php\/wp-json\/wp\/v2\/types\/page"}],"author":[{"embeddable":true,"href":"https:\/\/www.contadores8varegion.cl\/index.php\/wp-json\/wp\/v2\/users\/1"}],"replies":[{"embeddable":true,"href":"https:\/\/www.contadores8varegion.cl\/index.php\/wp-json\/wp\/v2\/comments?post=453"}],"version-history":[{"count":6,"href":"https:\/\/www.contadores8varegion.cl\/index.php\/wp-json\/wp\/v2\/pages\/453\/revisions"}],"predecessor-version":[{"id":1072,"href":"https:\/\/www.contadores8varegion.cl\/index.php\/wp-json\/wp\/v2\/pages\/453\/revisions\/1072"}],"wp:attachment":[{"href":"https:\/\/www.contadores8varegion.cl\/index.php\/wp-json\/wp\/v2\/media?parent=453"}],"curies":[{"name":"wp","href":"https:\/\/api.w.org\/{rel}","templated":true}]}}