{"id":471,"date":"2024-08-22T21:57:08","date_gmt":"2024-08-23T01:57:08","guid":{"rendered":"https:\/\/www.contadores8varegion.cl\/?page_id=471"},"modified":"2025-12-29T20:09:52","modified_gmt":"2025-12-30T00:09:52","slug":"provincial-biobio","status":"publish","type":"page","link":"https:\/\/www.contadores8varegion.cl\/index.php\/provincial-biobio\/","title":{"rendered":"Provincial Biob\u00edo Los \u00c1ngeles"},"content":{"rendered":"\n<div class=\"wp-block-media-text is-stacked-on-mobile\"><figure class=\"wp-block-media-text__media\"><img loading=\"lazy\" decoding=\"async\" width=\"1024\" height=\"768\" src=\"https:\/\/www.contadores8varegion.cl\/wp-content\/uploads\/2025\/12\/cpbiobiolosangeles-1024x768.jpg\" alt=\"\" class=\"wp-image-1150 size-full\" srcset=\"https:\/\/www.contadores8varegion.cl\/wp-content\/uploads\/2025\/12\/cpbiobiolosangeles-1024x768.jpg 1024w, https:\/\/www.contadores8varegion.cl\/wp-content\/uploads\/2025\/12\/cpbiobiolosangeles-300x225.jpg 300w, https:\/\/www.contadores8varegion.cl\/wp-content\/uploads\/2025\/12\/cpbiobiolosangeles-768x576.jpg 768w, https:\/\/www.contadores8varegion.cl\/wp-content\/uploads\/2025\/12\/cpbiobiolosangeles.jpg 1280w\" sizes=\"auto, (max-width: 1024px) 100vw, 1024px\" \/><\/figure><div class=\"wp-block-media-text__content\">\n<p><strong><em>Directorio Per\u00edodo 2025 -2028<\/em><\/strong><\/p>\n\n\n\n<p><strong>Presidenta:<\/strong> Elizabeth Carmen Diaz L\u00f3pez<\/p>\n\n\n\n<p><strong>Vice &#8211; Presidenta:<\/strong> Myriam Llanet \u00c1lvarez Uma\u00f1a<\/p>\n\n\n\n<p><strong>Secretario:<\/strong> Danny Alberto Carrasco Espinoza<\/p>\n\n\n\n<p><strong>Tesorera:<\/strong> Mar\u00eda Humilde Bequer Silva<\/p>\n\n\n\n<p><strong>Director:<\/strong> Daniel Antonio Contreras C\u00e1ceres<\/p>\n<\/div><\/div>\n","protected":false},"excerpt":{"rendered":"<p>Directorio Per\u00edodo 2025 -2028 Presidenta: Elizabeth Carmen Diaz L\u00f3pez Vice &#8211; Presidenta: Myriam Llanet \u00c1lvarez Uma\u00f1a Secretario: Danny Alberto Carrasco Espinoza Tesorera: Mar\u00eda Humilde Bequer Silva Director: Daniel Antonio Contreras C\u00e1ceres<\/p>\n","protected":false},"author":1,"featured_media":0,"parent":0,"menu_order":0,"comment_status":"closed","ping_status":"closed","template":"","meta":{"footnotes":""},"class_list":["post-471","page","type-page","status-publish","hentry"],"blocksy_meta":[],"_links":{"self":[{"href":"https:\/\/www.contadores8varegion.cl\/index.php\/wp-json\/wp\/v2\/pages\/471","targetHints":{"allow":["GET"]}}],"collection":[{"href":"https:\/\/www.contadores8varegion.cl\/index.php\/wp-json\/wp\/v2\/pages"}],"about":[{"href":"https:\/\/www.contadores8varegion.cl\/index.php\/wp-json\/wp\/v2\/types\/page"}],"author":[{"embeddable":true,"href":"https:\/\/www.contadores8varegion.cl\/index.php\/wp-json\/wp\/v2\/users\/1"}],"replies":[{"embeddable":true,"href":"https:\/\/www.contadores8varegion.cl\/index.php\/wp-json\/wp\/v2\/comments?post=471"}],"version-history":[{"count":7,"href":"https:\/\/www.contadores8varegion.cl\/index.php\/wp-json\/wp\/v2\/pages\/471\/revisions"}],"predecessor-version":[{"id":1151,"href":"https:\/\/www.contadores8varegion.cl\/index.php\/wp-json\/wp\/v2\/pages\/471\/revisions\/1151"}],"wp:attachment":[{"href":"https:\/\/www.contadores8varegion.cl\/index.php\/wp-json\/wp\/v2\/media?parent=471"}],"curies":[{"name":"wp","href":"https:\/\/api.w.org\/{rel}","templated":true}]}}