{"id":475,"date":"2024-08-24T20:35:07","date_gmt":"2024-08-25T00:35:07","guid":{"rendered":"https:\/\/www.contadores8varegion.cl\/?page_id=475"},"modified":"2025-12-30T12:30:12","modified_gmt":"2025-12-30T16:30:12","slug":"contadores-para-contactar","status":"publish","type":"page","link":"https:\/\/www.contadores8varegion.cl\/index.php\/contadores-para-contactar\/","title":{"rendered":"Contadores para contactar"},"content":{"rendered":"\n<figure class=\"wp-block-table alignwide is-style-stripes\" style=\"font-size:clamp(14px, 0.875rem + ((1vw - 3.2px) * 0.078), 15px);\"><table style=\"border-width:5px\"><tbody><tr><td><strong>Apellidos<\/strong><\/td><td><strong>Nombres<\/strong><\/td><td><strong>Fono<\/strong><\/td><td><strong>Correo<\/strong><\/td><td class=\"has-text-align-left\" data-align=\"left\"><strong>Ciudad<\/strong><\/td><\/tr><tr><td>Aedo Lagos<\/td><td>Mar\u00eda Ang\u00e9lica<\/td><td>995864531<\/td><td><a href=\"mailto:mariaedo1@gmail.com\">mariaedo1@gmail.com<\/a><\/td><td class=\"has-text-align-left\" data-align=\"left\">Cabrero<\/td><\/tr><tr><td>Aguayo Amaya<\/td><td>Carmen del Rosario<\/td><td>974750474<\/td><td><a href=\"mailto:vaguayoamaya@gmail.com\">vaguayoamaya@gmail.com&nbsp;<\/a><\/td><td class=\"has-text-align-left\" data-align=\"left\">Coelemu<\/td><\/tr><tr><td>Aguayo Figueroa<\/td><td>Jovita Isabel&nbsp;<\/td><td>923988953<\/td><td><a href=\"mailto:jovita.contadora.aguayo@gmail.com\">jovita.contadora.aguayo@gmail.com<\/a><\/td><td class=\"has-text-align-left\" data-align=\"left\">Coelemu<\/td><\/tr><tr><td>Agurto Miranda<\/td><td>Carlos Enrique<\/td><td>974524146<\/td><td><a href=\"mailto:carlos.agurtomiranda@hotmail.com\">carlos.agurtomiranda@hotmail.com<\/a><\/td><td class=\"has-text-align-left\" data-align=\"left\">Tom\u00e9<\/td><\/tr><tr><td>Almonacid Saavedra<\/td><td>Dina Sosima<\/td><td>976008907<\/td><td><a href=\"mailto:dalmonacid87@gmail.com\">dalmonacid87@gmail.com<\/a><\/td><td class=\"has-text-align-left\" data-align=\"left\">Nacimiento<\/td><\/tr><tr><td>Amigo Gonz\u00e1lez<\/td><td>Patricio Andr\u00e9s<\/td><td>999188054<\/td><td><a href=\"mailto:pamigo@aysauditores.com\">pamigo@aysauditores.com<\/a><\/td><td class=\"has-text-align-left\" data-align=\"left\">Concepci\u00f3n&nbsp;<\/td><\/tr><tr><td>Araneda Navarrete<\/td><td>Blanca Rosa<\/td><td>993640987<\/td><td><a href=\"mailto:b_araneda@hotmail.com\">b_araneda@hotmail.com<\/a><\/td><td class=\"has-text-align-left\" data-align=\"left\">Concepci\u00f3n<\/td><\/tr><tr><td>Aravena C\u00e1rdenas&nbsp;&nbsp;&nbsp;&nbsp;&nbsp;&nbsp;&nbsp;&nbsp;&nbsp;<\/td><td>Patricia de Lourdes<\/td><td>983051892<\/td><td><a href=\"mailto:p.aravena@davycia.cl\">p.aravena@davycia.cl<\/a><\/td><td class=\"has-text-align-left\" data-align=\"left\">Concepci\u00f3n<\/td><\/tr><tr><td>Araya Baeza<\/td><td>Sonia Isabel<\/td><td>975455485<\/td><td><a href=\"mailto:sonia.araya.baeza@gmail.com\">sonia.araya.baeza@gmail.com<\/a><\/td><td class=\"has-text-align-left\" data-align=\"left\">Talcahuano<\/td><\/tr><tr><td>Arias Parra<\/td><td>C\u00e9sar Antonio<\/td><td>999275995<\/td><td><a href=\"mailto:cesar.ariasp@gmail.com\">cesar.ariasp@gmail.com<\/a><\/td><td class=\"has-text-align-left\" data-align=\"left\">Concepci\u00f3n<\/td><\/tr><tr><td>Arriagada Parra<\/td><td>Sebastian Alejandro<\/td><td>956200825<\/td><td><a href=\"mailto:sebastianarriagadaparra778@gmail.com\">sebastianarriagadaparra778@gmail.com<\/a><\/td><td class=\"has-text-align-left\" data-align=\"left\">San Pedro de la Paz<\/td><\/tr><tr><td>Avenda\u00f1o Cisternas<\/td><td>Cecilia Carmen<\/td><td>995497225<\/td><td><a href=\"mailto:c.avenda%C3%B1oc@gmail.com\">c.avenda\u00f1oc@gmail.com<\/a><\/td><td class=\"has-text-align-left\" data-align=\"left\">Coelemu<\/td><\/tr><tr><td>Barramu\u00f1o Santana<\/td><td>S\u00f3cimo Salvador<\/td><td>995045059<\/td><td><a href=\"mailto:socimo.contab@gmail.com\">socimo.contab@gmail.com<\/a><\/td><td class=\"has-text-align-left\" data-align=\"left\">Concepci\u00f3n<\/td><\/tr><tr><td>Bequer Silva<\/td><td>Mar\u00eda Humilde<\/td><td>972179097<\/td><td><a href=\"mailto:marujitabequer@yahoo.es\">marujitabequer@yahoo.es<\/a><\/td><td class=\"has-text-align-left\" data-align=\"left\">Los \u00c1ngeles<\/td><\/tr><tr><td>B\u00f3rquez Salgado<\/td><td>Norma Alicia<\/td><td>988969520<\/td><td><a href=\"mailto:normaborsal@hotmail.com\">normaborsal@hotmail.com<\/a><\/td><td class=\"has-text-align-left\" data-align=\"left\">San Pedro de la Paz<\/td><\/tr><tr><td>Canales Sandoval<\/td><td>Evelyn Ester<\/td><td>993772966<\/td><td><a href=\"mailto:ecanaless@gmail.com\">ecanaless@gmail.com<\/a><\/td><td class=\"has-text-align-left\" data-align=\"left\">Hualpen<\/td><\/tr><tr><td>Carrasco Espinoza<\/td><td>Danny Alberto<\/td><td>986942482<\/td><td><a href=\"mailto:dace01@gmail.com\">dace01@gmail.com<\/a><\/td><td class=\"has-text-align-left\" data-align=\"left\">Los \u00c1ngeles<\/td><\/tr><tr><td>Cordero Cofr\u00e9<\/td><td>Maria Cecilia<\/td><td>942571863<\/td><td><a href=\"mailto:mariaceciliacordero@gmail.com\">mariaceciliacordero@gmail.com<\/a><\/td><td class=\"has-text-align-left\" data-align=\"left\">Concepci\u00f3n<\/td><\/tr><tr><td>D\u00edaz Lopez<\/td><td>Elizabeth Carmen<\/td><td>991006502<\/td><td><a href=\"mailto:elydiazl@gmail.com\">elydiazl@gmail.com<\/a><\/td><td class=\"has-text-align-left\" data-align=\"left\">Los Angeles<\/td><\/tr><tr><td>Duran Pino<\/td><td>Marilin del Carmen<\/td><td>996991073<\/td><td><a href=\"mailto:marilinduran@gmail.com\">marilinduran@gmail.com<\/a><\/td><td class=\"has-text-align-left\" data-align=\"left\">Concepci\u00f3n<\/td><\/tr><tr><td>Esparza Bizama<\/td><td>Ivette Margarita<\/td><td>966286276<\/td><td><a href=\"mailto:iesparza@ggpymes.cl\">iesparza@ggpymes.cl<\/a><\/td><td class=\"has-text-align-left\" data-align=\"left\">Concepci\u00f3n<\/td><\/tr><tr><td>Espinoza Romero<\/td><td>Daniel Alexis<\/td><td>996271624<\/td><td><a href=\"mailto:daespinoza@proton.me\">daespinoza@proton.me<\/a><\/td><td class=\"has-text-align-left\" data-align=\"left\">Concepci\u00f3n&nbsp;<\/td><\/tr><tr><td>Fern\u00e1ndez Araya<\/td><td>Sergio Antonio<\/td><td>964955391<\/td><td><a href=\"mailto:fernandezsergio032@gmail.com\">fernandezsergio032@gmail.com<\/a><\/td><td class=\"has-text-align-left\" data-align=\"left\">San Pedro de la Paz<\/td><\/tr><tr><td>Fritz Cisterna<\/td><td>Ingrid Waleska<\/td><td>992590411<\/td><td><a href=\"mailto:cuentas.biobio@gmail.com\">cuentas.biobio@gmail.com<\/a><\/td><td class=\"has-text-align-left\" data-align=\"left\">Concepci\u00f3n&nbsp;<\/td><\/tr><tr><td>Gonzalez Anabalon<\/td><td>Laura Magdalena<\/td><td>948835674<\/td><td><a href=\"mailto:lgsybell@gmail.com\">lgsybell@gmail.com<\/a><\/td><td class=\"has-text-align-left\" data-align=\"left\">Los Angeles<\/td><\/tr><tr><td>Gonz\u00e1lez Reyes<\/td><td>Elizabeth del Rosario<\/td><td>984683302<\/td><td><a href=\"mailto:elizabethg@assuan.cl\">elizabethg@assuan.cl<\/a><\/td><td class=\"has-text-align-left\" data-align=\"left\">Concepci\u00f3n<\/td><\/tr><tr><td>Jaque Moraga<\/td><td>Manuel Segundo<\/td><td>942346694<\/td><td><a href=\"mailto:chileanseniorauditormjm@gmail.com\">chileanseniorauditormjm@gmail.com<\/a><\/td><td class=\"has-text-align-left\" data-align=\"left\">Concepci\u00f3n<\/td><\/tr><tr><td>Jara Neira<\/td><td>Sergio Otilio<\/td><td>988270880<\/td><td><a href=\"mailto:sergio.jara@vtr.net\">sergio.jara@vtr.net<\/a><\/td><td class=\"has-text-align-left\" data-align=\"left\">Concepci\u00f3n<\/td><\/tr><tr><td>Laines Almendras<\/td><td>Iris Shirley<\/td><td>967680288<\/td><td><a href=\"mailto:i.shirley.lain@gmail.com\">i.shirley.lain@gmail.com<\/a><\/td><td class=\"has-text-align-left\" data-align=\"left\">Coronel<\/td><\/tr><tr><td>Lazo&nbsp; Mu\u00f1oz<\/td><td>Lu\u00eds Alberto<\/td><td>990785152<\/td><td><a href=\"mailto:luislazo.contador@gmail.com\">luislazo.contador@gmail.com<\/a><\/td><td class=\"has-text-align-left\" data-align=\"left\">Concepci\u00f3n&nbsp;<\/td><\/tr><tr><td>Luengo Riquelme<\/td><td>Mar\u00eda Eugenia<\/td><td>932556720<\/td><td><a href=\"mailto:mariaeugenia.luengo@gmail.com\">mariaeugenia.luengo@gmail.com<\/a><\/td><td class=\"has-text-align-left\" data-align=\"left\">Concepci\u00f3n&nbsp;<\/td><\/tr><tr><td>Maldonado Castro<\/td><td>Pedro Armando<\/td><td>992564356<\/td><td><a href=\"mailto:pedromaldonadocastro201069@gmail.com\">pedromaldonadocastro201069@gmail.com<\/a><\/td><td class=\"has-text-align-left\" data-align=\"left\">Hualp\u00e9n<\/td><\/tr><tr><td>Mart\u00ednez Leal<\/td><td>Marcelo&nbsp; Alejandro<\/td><td>968311710<\/td><td><a href=\"mailto:marceloalejandro7200@gmail.com\">marceloalejandro7200@gmail.com<\/a><\/td><td class=\"has-text-align-left\" data-align=\"left\">Ca\u00f1ete<\/td><\/tr><tr><td>Matamala Fica<\/td><td>M\u00f3nica del Tr\u00e1nsito<\/td><td>985281583<\/td><td><a href=\"mailto:conta.mmf@gmail.com\">conta.mmf@gmail.com<\/a><\/td><td class=\"has-text-align-left\" data-align=\"left\">San Pedro de la Paz<\/td><\/tr><tr><td>Monsalvez Alvarez<\/td><td>Ren\u00e9 Mauricio<\/td><td>934130787<\/td><td><a href=\"mailto:rm.alvarezasesoriascontables@gmail.com\">rm.alvarezasesoriascontables@gmail.com<\/a><\/td><td class=\"has-text-align-left\" data-align=\"left\">Concepci\u00f3n&nbsp;<\/td><\/tr><tr><td>Morales Araneda<\/td><td>Nilda Adriana<\/td><td>993195060<\/td><td><a href=\"mailto:niladrianita2005@hotmail.com\">niladrianita2005@hotmail.com<\/a><\/td><td class=\"has-text-align-left\" data-align=\"left\">Hualp\u00e9n<\/td><\/tr><tr><td>Mu\u00f1oz Guzm\u00e1n<\/td><td>Nancy Ester<\/td><td>976516849<\/td><td><a href=\"mailto:nancyasesoracontable@gmail.com\">nancyasesoracontable@gmail.com<\/a><\/td><td class=\"has-text-align-left\" data-align=\"left\">Concepci\u00f3n<\/td><\/tr><tr><td>P\u00e9rez Tapia<\/td><td>Esteban Ernesto<\/td><td>989879977<\/td><td><a href=\"mailto:esteban.1978@gmail.com\">esteban.1978@gmail.com<\/a><\/td><td class=\"has-text-align-left\" data-align=\"left\">Concepci\u00f3n<\/td><\/tr><tr><td>Pulgar Olivares<\/td><td>Patricio Gabriel<\/td><td>984344771<\/td><td><a href=\"mailto:pulgar.patricio@gmail.com\">pulgar.patricio@gmail.com<\/a><\/td><td class=\"has-text-align-left\" data-align=\"left\">San Pedro<\/td><\/tr><tr><td>Ram\u00edrez Salvo<\/td><td>Fresia Rosa<\/td><td>995156538<\/td><td><a href=\"mailto:fresal69@hotmail.com\">fresal69@hotmail.com<\/a><\/td><td class=\"has-text-align-left\" data-align=\"left\">Tom\u00e9<\/td><\/tr><tr><td>Rebolledo Carrillo<\/td><td>Susana Ilsia<\/td><td>988260926<\/td><td><a href=\"mailto:sirebolledo@hotmail.com\">sirebolledo@hotmail.com<\/a><\/td><td class=\"has-text-align-left\" data-align=\"left\">Nacimiento<\/td><\/tr><tr><td>Robles L\u00f3pez<\/td><td>M\u00f3nica&nbsp; Andrea<\/td><td>982668137<\/td><td><a href=\"mailto:monicaroble@gmail.com\">monicaroble@gmail.com<\/a><\/td><td class=\"has-text-align-left\" data-align=\"left\">Concepci\u00f3n&nbsp;<\/td><\/tr><tr><td>Salazar Cruces<\/td><td>Petronila Paulina<\/td><td>978061674<\/td><td><a href=\"mailto:poly1_1998@hotmail.com\">poly1_1998@hotmail.com<\/a><\/td><td class=\"has-text-align-left\" data-align=\"left\">Ca\u00f1ete<\/td><\/tr><tr><td>Sanhueza Ascencio<\/td><td>Marcelo Antonio&nbsp;<\/td><td>984932224<\/td><td><a href=\"mailto:msanhueza@ascencioauditores.cl\">msanhueza@ascencioauditores.cl<\/a><\/td><td class=\"has-text-align-left\" data-align=\"left\">Concepci\u00f3n<\/td><\/tr><tr><td>Sanhueza Loyola&nbsp;<\/td><td>Ruby de los Angeles<\/td><td>994580432<\/td><td><a href=\"mailto:ruby.contadora@gmail.com\">ruby.contadora@gmail.com<\/a><\/td><td class=\"has-text-align-left\" data-align=\"left\">Concepci\u00f3n<\/td><\/tr><tr><td>Troncoso Cordova<\/td><td>Gabriela Ludgarda<\/td><td>959060748<\/td><td><a href=\"mailto:gabiota1410@gmail.com\">gabiota1410@gmail.com<\/a><\/td><td class=\"has-text-align-left\" data-align=\"left\">Los Angeles<\/td><\/tr><tr><td>Valenzuela Saavedra<\/td><td>Melissa Leticia&nbsp;<\/td><td>953718796<\/td><td><a href=\"mailto:contabilidad.valenzuela.s@gmail.com\">contabilidad.valenzuela.s@gmail.com<\/a><\/td><td class=\"has-text-align-left\" data-align=\"left\">San Pedro de la Paz<\/td><\/tr><tr><td>Vidal Ch\u00e1vez<\/td><td>Leticia Jacqueline<\/td><td>953634949<\/td><td><a href=\"mailto:oficina.laam@gmail.com\">oficina.laam@gmail.com<\/a><\/td><td class=\"has-text-align-left\" data-align=\"left\">Tucapel<\/td><\/tr><tr><td>Zu\u00f1iga Z\u00fa\u00f1iga<\/td><td>Sandra Elizabeth&nbsp;<\/td><td>998857821<\/td><td><a href=\"mailto:scontablessz@gmail.com\">scontablessz@gmail.com<\/a><\/td><td class=\"has-text-align-left\" data-align=\"left\">San Pedro de la Paz<\/td><\/tr><\/tbody><\/table><\/figure>\n\n\n\n<p><\/p>\n\n\n\n<p><\/p>\n","protected":false},"excerpt":{"rendered":"<p>Apellidos Nombres Fono Correo Ciudad Aedo Lagos Mar\u00eda Ang\u00e9lica 995864531 mariaedo1@gmail.com Cabrero Aguayo Amaya Carmen del Rosario 974750474 vaguayoamaya@gmail.com&nbsp; Coelemu Aguayo Figueroa Jovita Isabel&nbsp; 923988953 jovita.contadora.aguayo@gmail.com Coelemu Agurto Miranda Carlos Enrique 974524146 carlos.agurtomiranda@hotmail.com Tom\u00e9 Almonacid Saavedra Dina Sosima 976008907 dalmonacid87@gmail.com Nacimiento Amigo Gonz\u00e1lez Patricio Andr\u00e9s 999188054 pamigo@aysauditores.com Concepci\u00f3n&nbsp; Araneda Navarrete Blanca Rosa 993640987 b_araneda@hotmail.com Concepci\u00f3n [&hellip;]<\/p>\n","protected":false},"author":1,"featured_media":0,"parent":0,"menu_order":0,"comment_status":"closed","ping_status":"closed","template":"","meta":{"footnotes":""},"class_list":["post-475","page","type-page","status-publish","hentry"],"blocksy_meta":[],"_links":{"self":[{"href":"https:\/\/www.contadores8varegion.cl\/index.php\/wp-json\/wp\/v2\/pages\/475","targetHints":{"allow":["GET"]}}],"collection":[{"href":"https:\/\/www.contadores8varegion.cl\/index.php\/wp-json\/wp\/v2\/pages"}],"about":[{"href":"https:\/\/www.contadores8varegion.cl\/index.php\/wp-json\/wp\/v2\/types\/page"}],"author":[{"embeddable":true,"href":"https:\/\/www.contadores8varegion.cl\/index.php\/wp-json\/wp\/v2\/users\/1"}],"replies":[{"embeddable":true,"href":"https:\/\/www.contadores8varegion.cl\/index.php\/wp-json\/wp\/v2\/comments?post=475"}],"version-history":[{"count":93,"href":"https:\/\/www.contadores8varegion.cl\/index.php\/wp-json\/wp\/v2\/pages\/475\/revisions"}],"predecessor-version":[{"id":1164,"href":"https:\/\/www.contadores8varegion.cl\/index.php\/wp-json\/wp\/v2\/pages\/475\/revisions\/1164"}],"wp:attachment":[{"href":"https:\/\/www.contadores8varegion.cl\/index.php\/wp-json\/wp\/v2\/media?parent=475"}],"curies":[{"name":"wp","href":"https:\/\/api.w.org\/{rel}","templated":true}]}}