{"id":511,"date":"2024-08-24T20:44:00","date_gmt":"2024-08-25T00:44:00","guid":{"rendered":"https:\/\/www.contadores8varegion.cl\/?page_id=511"},"modified":"2024-10-21T21:58:20","modified_gmt":"2024-10-22T01:58:20","slug":"comite-local-tome","status":"publish","type":"page","link":"https:\/\/www.contadores8varegion.cl\/index.php\/comite-local-tome\/","title":{"rendered":"Comit\u00e9 Local Tom\u00e9"},"content":{"rendered":"\n<div class=\"wp-block-media-text is-stacked-on-mobile\"><figure class=\"wp-block-media-text__media\"><img loading=\"lazy\" decoding=\"async\" width=\"619\" height=\"634\" src=\"https:\/\/www.contadores8varegion.cl\/wp-content\/uploads\/2024\/10\/Directiva-Comite-Local-Tome.png\" alt=\"\" class=\"wp-image-1009 size-full\" srcset=\"https:\/\/www.contadores8varegion.cl\/wp-content\/uploads\/2024\/10\/Directiva-Comite-Local-Tome.png 619w, https:\/\/www.contadores8varegion.cl\/wp-content\/uploads\/2024\/10\/Directiva-Comite-Local-Tome-293x300.png 293w\" sizes=\"auto, (max-width: 619px) 100vw, 619px\" \/><\/figure><div class=\"wp-block-media-text__content\">\n<p><strong>Presidente<\/strong>: Edison Zacar\u00edas Narv\u00e1ez V\u00e1squez\u00a0\u00a0<\/p>\n\n\n\n<p><strong>Vice &#8211; Presidente<\/strong>: Carlos Enrique Agurto Miranda<\/p>\n\n\n\n<p><strong>Secretaria<\/strong>: Jacqueline Rosario Barra Mora\u00a0<\/p>\n\n\n\n<p><strong>Tesorero<\/strong>: Juan Carlos Agurto Carrasco<\/p>\n\n\n\n<p><strong>Directora<\/strong>: Carol Beatriz D\u00edaz Alarc\u00f3n<\/p>\n\n\n\n<p><\/p>\n<\/div><\/div>\n","protected":false},"excerpt":{"rendered":"<p>Presidente: Edison Zacar\u00edas Narv\u00e1ez V\u00e1squez\u00a0\u00a0 Vice &#8211; Presidente: Carlos Enrique Agurto Miranda Secretaria: Jacqueline Rosario Barra Mora\u00a0 Tesorero: Juan Carlos Agurto Carrasco Directora: Carol Beatriz D\u00edaz Alarc\u00f3n<\/p>\n","protected":false},"author":1,"featured_media":0,"parent":0,"menu_order":0,"comment_status":"closed","ping_status":"closed","template":"","meta":{"footnotes":""},"class_list":["post-511","page","type-page","status-publish","hentry"],"blocksy_meta":[],"_links":{"self":[{"href":"https:\/\/www.contadores8varegion.cl\/index.php\/wp-json\/wp\/v2\/pages\/511","targetHints":{"allow":["GET"]}}],"collection":[{"href":"https:\/\/www.contadores8varegion.cl\/index.php\/wp-json\/wp\/v2\/pages"}],"about":[{"href":"https:\/\/www.contadores8varegion.cl\/index.php\/wp-json\/wp\/v2\/types\/page"}],"author":[{"embeddable":true,"href":"https:\/\/www.contadores8varegion.cl\/index.php\/wp-json\/wp\/v2\/users\/1"}],"replies":[{"embeddable":true,"href":"https:\/\/www.contadores8varegion.cl\/index.php\/wp-json\/wp\/v2\/comments?post=511"}],"version-history":[{"count":4,"href":"https:\/\/www.contadores8varegion.cl\/index.php\/wp-json\/wp\/v2\/pages\/511\/revisions"}],"predecessor-version":[{"id":1013,"href":"https:\/\/www.contadores8varegion.cl\/index.php\/wp-json\/wp\/v2\/pages\/511\/revisions\/1013"}],"wp:attachment":[{"href":"https:\/\/www.contadores8varegion.cl\/index.php\/wp-json\/wp\/v2\/media?parent=511"}],"curies":[{"name":"wp","href":"https:\/\/api.w.org\/{rel}","templated":true}]}}