{"id":528,"date":"2024-08-24T20:48:55","date_gmt":"2024-08-25T00:48:55","guid":{"rendered":"https:\/\/www.contadores8varegion.cl\/?page_id=528"},"modified":"2025-12-29T20:09:57","modified_gmt":"2025-12-30T00:09:57","slug":"comite-estudio","status":"publish","type":"page","link":"https:\/\/www.contadores8varegion.cl\/index.php\/comite-estudio\/","title":{"rendered":"Comit\u00e9 Estudio"},"content":{"rendered":"\n<div class=\"wp-block-media-text is-stacked-on-mobile\"><figure class=\"wp-block-media-text__media\"><img loading=\"lazy\" decoding=\"async\" width=\"632\" height=\"577\" src=\"https:\/\/www.contadores8varegion.cl\/wp-content\/uploads\/2025\/12\/comiteestudio.jpg\" alt=\"\" class=\"wp-image-1152 size-full\" srcset=\"https:\/\/www.contadores8varegion.cl\/wp-content\/uploads\/2025\/12\/comiteestudio.jpg 632w, https:\/\/www.contadores8varegion.cl\/wp-content\/uploads\/2025\/12\/comiteestudio-300x274.jpg 300w\" sizes=\"auto, (max-width: 632px) 100vw, 632px\" \/><\/figure><div class=\"wp-block-media-text__content\">\n<p><strong><em>Directorio Per\u00edodo 2025 &#8211; 2026 <\/em><\/strong><\/p>\n\n\n\n<p><strong>Presidenta:<\/strong> Juana Mar\u00eda Cuevas Letelier<\/p>\n\n\n\n<p><strong>Vice &#8211; Presidenta:<\/strong> Nancy Ester Mu\u00f1oz Guzm\u00e1n \u00a0<\/p>\n\n\n\n<p><strong>Secretaria:<\/strong> Gabriela del Tr\u00e1nsito Matamala Pe\u00f1a \u00a0<\/p>\n\n\n\n<p><strong>Tesorera:<\/strong> Ana Soraya Roa Pe\u00f1a<\/p>\n\n\n\n<p><strong>Directora:<\/strong> Ingrid Waleska Fritz Cisterna<\/p>\n\n\n\n<p><strong>Director:<\/strong> Carlos Alberto Gajardo Castillo<\/p>\n<\/div><\/div>\n\n\n\n<h2 class=\"wp-block-heading\">Aniversario 2024 <\/h2>\n\n\n\n<figure class=\"wp-block-gallery has-nested-images columns-default is-cropped wp-block-gallery-1 is-layout-flex wp-block-gallery-is-layout-flex\">\n<figure class=\"wp-block-image size-large\"><img loading=\"lazy\" decoding=\"async\" width=\"768\" height=\"1024\" data-id=\"877\" src=\"https:\/\/www.contadores8varegion.cl\/wp-content\/uploads\/2024\/10\/WhatsApp-Image-2024-09-09-at-19.01.09-768x1024.jpeg\" alt=\"\" class=\"wp-image-877\" srcset=\"https:\/\/www.contadores8varegion.cl\/wp-content\/uploads\/2024\/10\/WhatsApp-Image-2024-09-09-at-19.01.09-768x1024.jpeg 768w, https:\/\/www.contadores8varegion.cl\/wp-content\/uploads\/2024\/10\/WhatsApp-Image-2024-09-09-at-19.01.09-225x300.jpeg 225w, https:\/\/www.contadores8varegion.cl\/wp-content\/uploads\/2024\/10\/WhatsApp-Image-2024-09-09-at-19.01.09-1152x1536.jpeg 1152w, https:\/\/www.contadores8varegion.cl\/wp-content\/uploads\/2024\/10\/WhatsApp-Image-2024-09-09-at-19.01.09.jpeg 1200w\" sizes=\"auto, (max-width: 768px) 100vw, 768px\" \/><\/figure>\n\n\n\n<figure class=\"wp-block-image size-large\"><img loading=\"lazy\" decoding=\"async\" width=\"768\" height=\"1024\" data-id=\"880\" src=\"https:\/\/www.contadores8varegion.cl\/wp-content\/uploads\/2024\/10\/WhatsApp-Image-2024-09-09-at-19.50.00-768x1024.jpeg\" alt=\"\" class=\"wp-image-880\" srcset=\"https:\/\/www.contadores8varegion.cl\/wp-content\/uploads\/2024\/10\/WhatsApp-Image-2024-09-09-at-19.50.00-768x1024.jpeg 768w, https:\/\/www.contadores8varegion.cl\/wp-content\/uploads\/2024\/10\/WhatsApp-Image-2024-09-09-at-19.50.00-225x300.jpeg 225w, https:\/\/www.contadores8varegion.cl\/wp-content\/uploads\/2024\/10\/WhatsApp-Image-2024-09-09-at-19.50.00-1152x1536.jpeg 1152w, https:\/\/www.contadores8varegion.cl\/wp-content\/uploads\/2024\/10\/WhatsApp-Image-2024-09-09-at-19.50.00.jpeg 1200w\" sizes=\"auto, (max-width: 768px) 100vw, 768px\" \/><\/figure>\n\n\n\n<figure class=\"wp-block-image size-large\"><img loading=\"lazy\" decoding=\"async\" width=\"768\" height=\"1024\" data-id=\"879\" src=\"https:\/\/www.contadores8varegion.cl\/wp-content\/uploads\/2024\/10\/WhatsApp-Image-2024-09-09-at-19.50.23-768x1024.jpeg\" alt=\"\" class=\"wp-image-879\" srcset=\"https:\/\/www.contadores8varegion.cl\/wp-content\/uploads\/2024\/10\/WhatsApp-Image-2024-09-09-at-19.50.23-768x1024.jpeg 768w, https:\/\/www.contadores8varegion.cl\/wp-content\/uploads\/2024\/10\/WhatsApp-Image-2024-09-09-at-19.50.23-225x300.jpeg 225w, https:\/\/www.contadores8varegion.cl\/wp-content\/uploads\/2024\/10\/WhatsApp-Image-2024-09-09-at-19.50.23-1152x1536.jpeg 1152w, https:\/\/www.contadores8varegion.cl\/wp-content\/uploads\/2024\/10\/WhatsApp-Image-2024-09-09-at-19.50.23.jpeg 1200w\" sizes=\"auto, (max-width: 768px) 100vw, 768px\" \/><\/figure>\n\n\n\n<figure class=\"wp-block-image size-large\"><img loading=\"lazy\" decoding=\"async\" width=\"1024\" height=\"768\" data-id=\"878\" src=\"https:\/\/www.contadores8varegion.cl\/wp-content\/uploads\/2024\/10\/WhatsApp-Image-2024-09-09-at-21.56.48-1024x768.jpeg\" alt=\"\" class=\"wp-image-878\" srcset=\"https:\/\/www.contadores8varegion.cl\/wp-content\/uploads\/2024\/10\/WhatsApp-Image-2024-09-09-at-21.56.48-1024x768.jpeg 1024w, https:\/\/www.contadores8varegion.cl\/wp-content\/uploads\/2024\/10\/WhatsApp-Image-2024-09-09-at-21.56.48-300x225.jpeg 300w, https:\/\/www.contadores8varegion.cl\/wp-content\/uploads\/2024\/10\/WhatsApp-Image-2024-09-09-at-21.56.48-768x576.jpeg 768w, https:\/\/www.contadores8varegion.cl\/wp-content\/uploads\/2024\/10\/WhatsApp-Image-2024-09-09-at-21.56.48-1536x1152.jpeg 1536w, https:\/\/www.contadores8varegion.cl\/wp-content\/uploads\/2024\/10\/WhatsApp-Image-2024-09-09-at-21.56.48.jpeg 1600w\" sizes=\"auto, (max-width: 1024px) 100vw, 1024px\" \/><\/figure>\n\n\n\n<figure class=\"wp-block-image size-large\"><img loading=\"lazy\" decoding=\"async\" width=\"1024\" height=\"768\" data-id=\"882\" src=\"https:\/\/www.contadores8varegion.cl\/wp-content\/uploads\/2024\/10\/WhatsApp-Image-2024-09-09-at-21.57.29-1024x768.jpeg\" alt=\"\" class=\"wp-image-882\" srcset=\"https:\/\/www.contadores8varegion.cl\/wp-content\/uploads\/2024\/10\/WhatsApp-Image-2024-09-09-at-21.57.29-1024x768.jpeg 1024w, https:\/\/www.contadores8varegion.cl\/wp-content\/uploads\/2024\/10\/WhatsApp-Image-2024-09-09-at-21.57.29-300x225.jpeg 300w, https:\/\/www.contadores8varegion.cl\/wp-content\/uploads\/2024\/10\/WhatsApp-Image-2024-09-09-at-21.57.29-768x576.jpeg 768w, https:\/\/www.contadores8varegion.cl\/wp-content\/uploads\/2024\/10\/WhatsApp-Image-2024-09-09-at-21.57.29-1536x1152.jpeg 1536w, https:\/\/www.contadores8varegion.cl\/wp-content\/uploads\/2024\/10\/WhatsApp-Image-2024-09-09-at-21.57.29.jpeg 1600w\" sizes=\"auto, (max-width: 1024px) 100vw, 1024px\" \/><\/figure>\n\n\n\n<figure class=\"wp-block-image size-large\"><img loading=\"lazy\" decoding=\"async\" width=\"1024\" height=\"768\" data-id=\"881\" src=\"https:\/\/www.contadores8varegion.cl\/wp-content\/uploads\/2024\/10\/WhatsApp-Image-2024-09-09-at-21.57.57-1024x768.jpeg\" alt=\"\" class=\"wp-image-881\" srcset=\"https:\/\/www.contadores8varegion.cl\/wp-content\/uploads\/2024\/10\/WhatsApp-Image-2024-09-09-at-21.57.57-1024x768.jpeg 1024w, https:\/\/www.contadores8varegion.cl\/wp-content\/uploads\/2024\/10\/WhatsApp-Image-2024-09-09-at-21.57.57-300x225.jpeg 300w, https:\/\/www.contadores8varegion.cl\/wp-content\/uploads\/2024\/10\/WhatsApp-Image-2024-09-09-at-21.57.57-768x576.jpeg 768w, https:\/\/www.contadores8varegion.cl\/wp-content\/uploads\/2024\/10\/WhatsApp-Image-2024-09-09-at-21.57.57-1536x1152.jpeg 1536w, https:\/\/www.contadores8varegion.cl\/wp-content\/uploads\/2024\/10\/WhatsApp-Image-2024-09-09-at-21.57.57.jpeg 1600w\" sizes=\"auto, (max-width: 1024px) 100vw, 1024px\" \/><\/figure>\n<\/figure>\n\n\n\n<p><\/p>\n","protected":false},"excerpt":{"rendered":"<p>Directorio Per\u00edodo 2025 &#8211; 2026 Presidenta: Juana Mar\u00eda Cuevas Letelier Vice &#8211; Presidenta: Nancy Ester Mu\u00f1oz Guzm\u00e1n \u00a0 Secretaria: Gabriela del Tr\u00e1nsito Matamala Pe\u00f1a \u00a0 Tesorera: Ana Soraya Roa Pe\u00f1a Directora: Ingrid Waleska Fritz Cisterna Director: Carlos Alberto Gajardo Castillo Aniversario 2024<\/p>\n","protected":false},"author":1,"featured_media":0,"parent":0,"menu_order":0,"comment_status":"closed","ping_status":"closed","template":"","meta":{"footnotes":""},"class_list":["post-528","page","type-page","status-publish","hentry"],"blocksy_meta":[],"_links":{"self":[{"href":"https:\/\/www.contadores8varegion.cl\/index.php\/wp-json\/wp\/v2\/pages\/528","targetHints":{"allow":["GET"]}}],"collection":[{"href":"https:\/\/www.contadores8varegion.cl\/index.php\/wp-json\/wp\/v2\/pages"}],"about":[{"href":"https:\/\/www.contadores8varegion.cl\/index.php\/wp-json\/wp\/v2\/types\/page"}],"author":[{"embeddable":true,"href":"https:\/\/www.contadores8varegion.cl\/index.php\/wp-json\/wp\/v2\/users\/1"}],"replies":[{"embeddable":true,"href":"https:\/\/www.contadores8varegion.cl\/index.php\/wp-json\/wp\/v2\/comments?post=528"}],"version-history":[{"count":7,"href":"https:\/\/www.contadores8varegion.cl\/index.php\/wp-json\/wp\/v2\/pages\/528\/revisions"}],"predecessor-version":[{"id":1154,"href":"https:\/\/www.contadores8varegion.cl\/index.php\/wp-json\/wp\/v2\/pages\/528\/revisions\/1154"}],"wp:attachment":[{"href":"https:\/\/www.contadores8varegion.cl\/index.php\/wp-json\/wp\/v2\/media?parent=528"}],"curies":[{"name":"wp","href":"https:\/\/api.w.org\/{rel}","templated":true}]}}